{"id":2206,"date":"2026-02-06T08:02:35","date_gmt":"2026-02-06T08:02:35","guid":{"rendered":"https:\/\/ninanatural-cosmetics.rs\/product\/immortelle-body-care-set\/"},"modified":"2026-02-06T08:02:35","modified_gmt":"2026-02-06T08:02:35","slug":"immortelle-body-care-set","status":"publish","type":"product","link":"https:\/\/ninanatural-cosmetics.rs\/en\/product\/immortelle-body-care-set\/","title":{"rendered":"Immortelle Body Care Set"},"content":{"rendered":"","protected":false},"excerpt":{"rendered":"<p><span style=\"font-weight: 400;\">Save 1,230 RSD when buying this set<\/span><\/p>\n<ul>\n<li style=\"font-weight: 400;\" aria-level=\"1\"><span style=\"font-weight: 400;\">The set includes an immortelle body milk (250 ml) and an immortelle face &amp; body scrub (150 ml).<\/span><\/li>\n<li style=\"font-weight: 400;\" aria-level=\"1\"><span style=\"font-weight: 400;\">Sadr\u017ei ekstrakt cveta smilja, ulje slatkog badema, maslinovo ulje, ulje nevena, provitamin B5 i vitamin E<\/span><\/li>\n<li style=\"font-weight: 400;\" aria-level=\"1\"><span style=\"font-weight: 400;\">It gently removes dead skin cells, deeply hydrates, and helps regenerate the skin, leaving it soft and smooth.<\/span><\/li>\n<li style=\"font-weight: 400;\" aria-level=\"1\"><span style=\"font-weight: 400;\">It helps improve skin texture, restore a natural glow, and prepare the skin for further care.<\/span><\/li>\n<li style=\"font-weight: 400;\" aria-level=\"1\"><span style=\"font-weight: 400;\">Handcrafted in small batches<\/span><\/li>\n<\/ul>\n<p><span style=\"font-weight: 400;\">Smilje Body Care Set kombinuje dva klju\u010dna koraka nege tela: blagu eksfolijaciju i intenzivnu hidrataciju, kako bi ko\u017ea bila temeljno o\u010di\u0161\u0107ena, nahranjena i vidno osve\u017eena.<\/span><\/p>\n","protected":false},"featured_media":1967,"comment_status":"closed","ping_status":"closed","template":"","meta":{"_kad_post_transparent":"","_kad_post_title":"","_kad_post_layout":"","_kad_post_sidebar_id":"","_kad_post_content_style":"","_kad_post_vertical_padding":"","_kad_post_feature":"","_kad_post_feature_position":"","_kad_post_header":false,"_kad_post_footer":false,"_kad_post_classname":""},"product_brand":[],"product_cat":[34],"product_tag":[],"class_list":{"0":"post-2206","1":"product","2":"type-product","3":"status-publish","4":"has-post-thumbnail","6":"product_cat-immortelle-cosmetics","8":"first","9":"instock","10":"sale","11":"shipping-taxable","12":"purchasable","13":"product-type-simple","14":"entry","15":"content-bg","16":"loop-entry"},"_links":{"self":[{"href":"https:\/\/ninanatural-cosmetics.rs\/en\/wp-json\/wp\/v2\/product\/2206","targetHints":{"allow":["GET"]}}],"collection":[{"href":"https:\/\/ninanatural-cosmetics.rs\/en\/wp-json\/wp\/v2\/product"}],"about":[{"href":"https:\/\/ninanatural-cosmetics.rs\/en\/wp-json\/wp\/v2\/types\/product"}],"replies":[{"embeddable":true,"href":"https:\/\/ninanatural-cosmetics.rs\/en\/wp-json\/wp\/v2\/comments?post=2206"}],"wp:featuredmedia":[{"embeddable":true,"href":"https:\/\/ninanatural-cosmetics.rs\/en\/wp-json\/wp\/v2\/media\/1967"}],"wp:attachment":[{"href":"https:\/\/ninanatural-cosmetics.rs\/en\/wp-json\/wp\/v2\/media?parent=2206"}],"wp:term":[{"taxonomy":"product_brand","embeddable":true,"href":"https:\/\/ninanatural-cosmetics.rs\/en\/wp-json\/wp\/v2\/product_brand?post=2206"},{"taxonomy":"product_cat","embeddable":true,"href":"https:\/\/ninanatural-cosmetics.rs\/en\/wp-json\/wp\/v2\/product_cat?post=2206"},{"taxonomy":"product_tag","embeddable":true,"href":"https:\/\/ninanatural-cosmetics.rs\/en\/wp-json\/wp\/v2\/product_tag?post=2206"}],"curies":[{"name":"wp","href":"https:\/\/api.w.org\/{rel}","templated":true}]}}